{"id":486,"date":"2026-01-05T13:41:15","date_gmt":"2026-01-05T13:41:15","guid":{"rendered":"https:\/\/biblioteka.unsa.ba\/?page_id=486"},"modified":"2026-01-05T13:41:44","modified_gmt":"2026-01-05T13:41:44","slug":"komercijalne-baze-podataka","status":"publish","type":"page","link":"https:\/\/biblioteka.unsa.ba\/?page_id=486","title":{"rendered":"Komercijalne baze podataka"},"content":{"rendered":"<p><em>Za pristup i na\u010dine kori\u0161tenja baza podataka, javite se mati\u010dnom bibliotekaru visoko\u0161kolske\/specijalne biblioteke.<\/em><\/p>\n<p><em><strong>Web of Science:<\/strong><\/em>\u00a0bibliografska i citatna baza podataka koja u svoja tri indeksa, Social Sciences Citation Index, Science Citation Index i Arts and Humanities Citation Index, pokriva vi\u0161e od 18,500 recenziranih \u010dasopisa. Omogu\u0107ava pra\u0107enje produkcije sa najvi\u0161im impakt faktorima, kao i citatne analize koje su od iznimne va\u017enosti za nastavnike i saradnike prilikom priprema njihovih radova za objavljivanje u eminentnim publikacijama, a omogu\u0107en je pristup sljede\u0107im citatnim indeksima WOS Core Collection:<br \/>\nScience Citation Index Expanded (SCI-EXPANDED) \u20131994-present<br \/>\nSocial Sciences Citation Index (SSCI) \u20131994-present<br \/>\nArts &amp; Humanities Citation Index (A&amp;HCI) \u20131994-present<br \/>\nEmerging Sources Citation Index (ESCI) \u20132015-present<\/p>\n<p><em><strong>SCOPUS<\/strong><\/em>: bibliografska i citatna baza za istra\u017eivanje recenziranih objava u nau\u010dnim \u010dasopisima. Scopus ima ugra\u0111ene alate koji omogu\u0107avaju istra\u017eiva\u010dima da u\u010dinkovito prate, analiziraju i vizueliziraju istra\u017eivanja lako i na razini detaljnosti po njihovom izboru. Scopus nudi istra\u017eiva\u010dima brz, jednostavan i sveobuhvatan izvor za potporu istra\u017eivanjima u poljima tehni\u010dkih, medicinskih i dru\u0161tvenih nauka, te umjetnosti i humanisti\u010dkih nauka. Scopus nudi pristup na preko 23.000 naslova \u010dasopisa od preko 5.000 izdava\u010da, preko 3.800 \u010dasopisa u otvorenom pristupu, te preko 33 miliona zapisa.<\/p>\n<p><em><strong>Science Direct:<\/strong><\/em>\u00a0jedna od vode\u0107ih multidisciplinarnih baza podataka koja omogu\u0107ava pretragu cjelovitih tekstova i bibliografskih informacija iz podru\u010dja prirodnih, tehni\u010dkih i medicinskih nauka. ScienceDirect nudi preko 15 miliona publikacija u preko 3.800 \u010dasopisa i serijskih publikacija, te preko 37.000 knjiga.<\/p>\n<p><em><strong>EBSCOhost<\/strong><\/em>: agregatna platforma istra\u017eiva\u010dkih baza podataka, nau\u010dnih \u010dasopisa, magazina i elektronskih knjiga.<\/p>\n<p><em><strong>CEEOL\u00a0<\/strong><\/em>Central and Eastern European Online Library: repozitorij koji nudi specijalizirane i sveobuhvatne kolekcije radova u cjelovitom tekstu iz oblasti dru\u0161tvenih i humanisti\u010dkih nauka, te umjetnosti, iz centralne i isto\u010dne Evrope. Radi se o preko 2.200 naslova iz oblasti dru\u0161tvenih i humanisti\u010dkih nauka iz 34 zemlje, te preko 600.000 radova objavljenih na preko 30 jezika.<\/p>\n<p class=\"has-text-align-left\"><em><strong>HeinOnline<\/strong><\/em>: baza podataka cjelovitog teksta iz podru\u010dja prava i srodnih nauka. Sadr\u017ei vi\u0161e od 250.000 dokumenata od historijskih do slu\u017ebenih publikacija, a zna\u010dajan dio sadr\u017eaja \u010dini i vi\u0161e od 2.600 serijskih publikacija iz podru\u010dja prava.<\/p>\n<p><em><strong>JSTOR Journal Storage<\/strong><\/em>: multidisciplinarna baza koja obuhva\u0107a razli\u010dite zbirke arhivskih i teku\u0107ih brojeva nau\u010dnih \u010dasopisa. Omogu\u0107en je pristup JSTOR bazama: Arts &amp; Sciences III i Religion &amp; Theology.<\/p>\n<p>Arts &amp; Sciences III kolekcija objedinjuje naslove iz razli\u010ditih jezika, izvedenih i vizuelnih umjetnosti, uklju\u010duju\u0107i i kolekciju za muziku. Tako\u0111er, sadr\u017ei veliki broj naslova o isto\u010dnim i zapadnim religijama. Pokriva nau\u010dna podru\u010dja: arhitekturu i arhitektonsku historiju, umjetnost i historiju umjetnosti, film, folklore, jezik i knji\u017eevnost, muziku, izvo\u0111a\u010dke umjetnosti, religiju.<\/p>\n<p>Religion &amp; Theology kolekcija pokriva historiju i filozofiju religiozne misli kroz tradicije, periode i kriti\u010dki pristup religiji i teologiji.<\/p>\n","protected":false},"excerpt":{"rendered":"<p>Za pristup i na\u010dine kori\u0161tenja baza podataka, javite se mati\u010dnom bibliotekaru visoko\u0161kolske\/specijalne biblioteke. Web of Science:\u00a0bibliografska i citatna baza podataka koja u svoja tri indeksa, Social Sciences Citation Index, Science Citation Index i Arts and Humanities Citation Index, pokriva vi\u0161e <a href=\"https:\/\/biblioteka.unsa.ba\/?page_id=486\" class=\"read-more\">Read More &#8230;<\/a><\/p>\n","protected":false},"author":3,"featured_media":0,"parent":32,"menu_order":0,"comment_status":"closed","ping_status":"closed","template":"","meta":{"footnotes":""},"class_list":["post-486","page","type-page","status-publish","hentry"],"_links":{"self":[{"href":"https:\/\/biblioteka.unsa.ba\/index.php?rest_route=\/wp\/v2\/pages\/486","targetHints":{"allow":["GET"]}}],"collection":[{"href":"https:\/\/biblioteka.unsa.ba\/index.php?rest_route=\/wp\/v2\/pages"}],"about":[{"href":"https:\/\/biblioteka.unsa.ba\/index.php?rest_route=\/wp\/v2\/types\/page"}],"author":[{"embeddable":true,"href":"https:\/\/biblioteka.unsa.ba\/index.php?rest_route=\/wp\/v2\/users\/3"}],"replies":[{"embeddable":true,"href":"https:\/\/biblioteka.unsa.ba\/index.php?rest_route=%2Fwp%2Fv2%2Fcomments&post=486"}],"version-history":[{"count":2,"href":"https:\/\/biblioteka.unsa.ba\/index.php?rest_route=\/wp\/v2\/pages\/486\/revisions"}],"predecessor-version":[{"id":488,"href":"https:\/\/biblioteka.unsa.ba\/index.php?rest_route=\/wp\/v2\/pages\/486\/revisions\/488"}],"up":[{"embeddable":true,"href":"https:\/\/biblioteka.unsa.ba\/index.php?rest_route=\/wp\/v2\/pages\/32"}],"wp:attachment":[{"href":"https:\/\/biblioteka.unsa.ba\/index.php?rest_route=%2Fwp%2Fv2%2Fmedia&parent=486"}],"curies":[{"name":"wp","href":"https:\/\/api.w.org\/{rel}","templated":true}]}}