{"id":473,"date":"2025-12-31T09:08:34","date_gmt":"2025-12-31T09:08:34","guid":{"rendered":"https:\/\/biblioteka.unsa.ba\/?page_id=473"},"modified":"2025-12-31T09:15:00","modified_gmt":"2025-12-31T09:15:00","slug":"informacije-za-bibliotekare","status":"publish","type":"page","link":"https:\/\/biblioteka.unsa.ba\/?page_id=473","title":{"rendered":"Informacije za bibliotekare"},"content":{"rendered":"<h3><strong>Normativni i strate\u0161ki dokumenti<\/strong><\/h3>\n<ul>\n<li><a title=\"Statut Univerziteta u Sarajevu.pdf\" href=\"https:\/\/unsa.ba\/sites\/default\/files\/dodatak\/2019-06\/Statut%20Univerziteta%20u%20Sarajevu.pdf\" type=\"application\/pdf; length=1665895\">Statut Univerziteta u Sarajevu<\/a><\/li>\n<li><a class=\"file file--mime-application-pdf file--application-pdf\" href=\"https:\/\/unsa.ba\/sites\/default\/files\/inline-files\/Nabavna%20politika%20biblioteka%20Univerziteta%20u%20Sarajevu.pdf\" data-entity-type=\"file\" data-entity-uuid=\"384f74ae-eaee-4498-b2ad-7b92c108ad5f\">Nabavna politika biblioteka Univerziteta u Sarajevu<\/a><\/li>\n<li><a class=\"file file--mime-application-pdf file--application-pdf\" href=\"https:\/\/unsa.ba\/sites\/default\/files\/inline-files\/Strategija%20razvoja%20digitalne%20biblioteke%20Univerziteta%20u%20Sarajevu.pdf\" data-entity-type=\"file\" data-entity-uuid=\"ec8c6d1d-42e9-4e04-967b-7c8d75452713\">Strategija razvoja digitalne biblioteke Univerziteta u Sarajevu<\/a><\/li>\n<li><a class=\"file file--mime-application-pdf file--application-pdf\" href=\"https:\/\/unsa.ba\/sites\/default\/files\/inline-files\/Strateski%20plan%20razvoja%20biblioteka%20Univerziteta%20u%20Sarajevu.pdf\" data-entity-type=\"file\" data-entity-uuid=\"a92caaef-595a-47ea-b406-bcf5ead797ad\">Strate\u0161ki plan razvoja biblioteka Univerziteta u Sarajevu<\/a><\/li>\n<\/ul>\n<h3 data-start=\"421\" data-end=\"467\"><strong data-start=\"425\" data-end=\"467\">Uputstva za istra\u017eiva\u010de i bibliotekare<\/strong><\/h3>\n<ul>\n<li><a title=\"UPUTSTVO ZA REGISTRACIJU GOOGLE SCHOLAR PROFILA_0.pdf\" href=\"https:\/\/unsa.ba\/sites\/default\/files\/dodatak\/2019-10\/UPUTSTVO%20ZA%20REGISTRACIJU%20%20GOOGLE%20SCHOLAR%20PROFILA_0.pdf\" type=\"application\/pdf; length=2149982\">Uputstvo za registraciju Google Scholar profila<\/a><\/li>\n<li><a title=\"UPUTSTVO ZA BRISANJE GOOGLE SCHOLAR PROFILA.pdf\" href=\"https:\/\/unsa.ba\/sites\/default\/files\/dodatak\/2019-10\/UPUTSTVO%20ZA%20BRISANJE%20GOOGLE%20SCHOLAR%20PROFILA.pdf\" type=\"application\/pdf; length=1110200\">Uputstvo za brisanje Google Scholar profila<\/a><\/li>\n<li><a title=\"Uputstvo za dodavanje referenci i brisanje pogre\u0161no pridru\u017eenih referenci.pdf\" href=\"https:\/\/unsa.ba\/sites\/default\/files\/dodatak\/2019-10\/Uputstvo%20za%20dodavanje%20referenci%20i%20brisanje%20pogre%C5%A1no%20pridru%C5%BEenih%20referenci.pdf\" type=\"application\/pdf; length=1050727\">Uputstvo za brisanje i dodavanje referenci na Google Scholar profilu<\/a><\/li>\n<\/ul>\n<h3 data-start=\"642\" data-end=\"690\"><strong data-start=\"646\" data-end=\"690\">Kvalitet i integritet nau\u010dnog izdava\u0161tva<\/strong><\/h3>\n<ul>\n<li><a title=\"PREDATORSKI_\u010dasopisi - informacija.pdf\" href=\"https:\/\/unsa.ba\/sites\/default\/files\/dodatak\/2019-10\/PREDATORSKI_%C4%8Dasopisi%20-%20informacija.pdf\" type=\"application\/pdf; length=423694\">Predatorski \u010dasopisi &#8211; informacija<\/a><\/li>\n<\/ul>\n","protected":false},"excerpt":{"rendered":"<p>Normativni i strate\u0161ki dokumenti Statut Univerziteta u Sarajevu Nabavna politika biblioteka Univerziteta u Sarajevu Strategija razvoja digitalne biblioteke Univerziteta u Sarajevu Strate\u0161ki plan razvoja biblioteka Univerziteta u Sarajevu Uputstva za istra\u017eiva\u010de i bibliotekare Uputstvo za registraciju Google Scholar profila Uputstvo <a href=\"https:\/\/biblioteka.unsa.ba\/?page_id=473\" class=\"read-more\">Read More &#8230;<\/a><\/p>\n","protected":false},"author":3,"featured_media":0,"parent":0,"menu_order":0,"comment_status":"closed","ping_status":"closed","template":"","meta":{"footnotes":""},"class_list":["post-473","page","type-page","status-publish","hentry"],"_links":{"self":[{"href":"https:\/\/biblioteka.unsa.ba\/index.php?rest_route=\/wp\/v2\/pages\/473","targetHints":{"allow":["GET"]}}],"collection":[{"href":"https:\/\/biblioteka.unsa.ba\/index.php?rest_route=\/wp\/v2\/pages"}],"about":[{"href":"https:\/\/biblioteka.unsa.ba\/index.php?rest_route=\/wp\/v2\/types\/page"}],"author":[{"embeddable":true,"href":"https:\/\/biblioteka.unsa.ba\/index.php?rest_route=\/wp\/v2\/users\/3"}],"replies":[{"embeddable":true,"href":"https:\/\/biblioteka.unsa.ba\/index.php?rest_route=%2Fwp%2Fv2%2Fcomments&post=473"}],"version-history":[{"count":5,"href":"https:\/\/biblioteka.unsa.ba\/index.php?rest_route=\/wp\/v2\/pages\/473\/revisions"}],"predecessor-version":[{"id":479,"href":"https:\/\/biblioteka.unsa.ba\/index.php?rest_route=\/wp\/v2\/pages\/473\/revisions\/479"}],"wp:attachment":[{"href":"https:\/\/biblioteka.unsa.ba\/index.php?rest_route=%2Fwp%2Fv2%2Fmedia&parent=473"}],"curies":[{"name":"wp","href":"https:\/\/api.w.org\/{rel}","templated":true}]}}