{"id":43,"date":"2021-01-15T10:15:42","date_gmt":"2021-01-15T10:15:42","guid":{"rendered":"http:\/\/biblioteka.unsa.ba\/?page_id=43"},"modified":"2026-01-05T13:38:52","modified_gmt":"2026-01-05T13:38:52","slug":"kontakt","status":"publish","type":"page","link":"https:\/\/biblioteka.unsa.ba\/?page_id=43","title":{"rendered":"O nama"},"content":{"rendered":"<hr data-start=\"170\" data-end=\"173\" \/>\r\n<p data-start=\"215\" data-end=\"656\">Biblioteka Univerziteta u Sarajevu je podorganizaciona jedinica Univerziteta u Sarajevu \u010dija je osnovna djelatnost pru\u017eanje sistemske podr\u0161ke nastavnom, nau\u010dnom i istra\u017eiva\u010dkom procesu na Univerzitetu. Biblioteka djeluje kao centralno mjesto bibliote\u010dko-informacijskog sistema Univerziteta, u okviru kojeg se koordinira i funkcionalno povezuje Biblioteka Univerziteta sa bibliotekama punopravnih i pridru\u017eenih \u010dlanica Univerziteta u Sarajevu.<\/p>\r\n<p data-start=\"658\" data-end=\"903\">Biblioteka Univerziteta u Sarajevu ima zadatak osigurati uskla\u0111en razvoj, dostupnost i kori\u0161tenje bibliote\u010dko-informacijskih resursa, te poticati saradnju, razmjenu znanja i standardizaciju bibliote\u010dkih praksi na nivou Univerziteta.<\/p>\r\n<hr data-start=\"905\" data-end=\"908\" \/>\r\n<h3 data-start=\"910\" data-end=\"933\">Vizija i djelovanje<\/h3>\r\n<p data-start=\"935\" data-end=\"1225\">Vizija Biblioteke Univerziteta u Sarajevu jeste postati prepoznatljiv i pouzdan centar savremenih bibliote\u010dko-informacijskih usluga namijenjenih studentima i studenticama, nastavnom i istra\u017eiva\u010dkom osoblju Univerziteta u Sarajevu, \u0161iroj akademskoj zajednici, kao i zainteresiranoj javnosti.<\/p>\r\n<p data-start=\"1227\" data-end=\"1389\">Kako bi ostvarila svoju misiju i u\u010dinila viziju odr\u017eivom i operativnom, Biblioteka Univerziteta u Sarajevu kontinuirano razvija i unapre\u0111uje aktivnosti vezane za:<\/p>\r\n<ul data-start=\"1390\" data-end=\"1685\">\r\n<li data-start=\"1390\" data-end=\"1505\">\r\n<p data-start=\"1392\" data-end=\"1505\">upravljanje bibliote\u010dkim zbirkama, centralno smje\u0161tenim ili distribuiranim na lokacijama \u010dlanica Univerziteta,<\/p>\r\n<\/li>\r\n<li data-start=\"1506\" data-end=\"1547\">\r\n<p data-start=\"1508\" data-end=\"1547\">upravljanje i dostupnost baza podataka,<\/p>\r\n<\/li>\r\n<li data-start=\"1548\" data-end=\"1594\">\r\n<p data-start=\"1550\" data-end=\"1594\">razvoj i odr\u017eavanje repozitorija,<\/p>\r\n<\/li>\r\n<li data-start=\"1595\" data-end=\"1685\">\r\n<p data-start=\"1597\" data-end=\"1685\">pru\u017eanje savremenih bibliote\u010dko-informacijskih usluga u fizi\u010dkom i digitalnom okru\u017eenju.<\/p>\r\n<\/li>\r\n<\/ul>\r\n<p data-start=\"1687\" data-end=\"1967\">Poseban fokus usmjeren je na podr\u0161ku obrazovnom procesu, razvoju informacijske i medijske pismenosti studenata i studentica, te na podr\u0161ku nau\u010dnom i stru\u010dnom radu kroz savjetodavne usluge, bibliometrijske analize i ja\u010danje vidljivosti akademske produkcije Univerziteta u Sarajevu.<\/p>\r\n<p style=\"text-align: justify;\"><!-- \/wp:post-content -->\r\n\r\n<!-- wp:paragraph --><\/p>\r\n<h3 data-start=\"2074\" data-end=\"2085\">Kontakt<\/h3>\r\n<p data-start=\"2087\" data-end=\"2171\"><strong data-start=\"2087\" data-end=\"2120\">mr. sc. Nadina Grebovi\u0107-Lendo<\/strong><br data-start=\"2120\" data-end=\"2123\" \/>direktorica Biblioteke Univerziteta u Sarajevu<\/p>\r\n<p data-start=\"2173\" data-end=\"2213\"><strong data-start=\"2173\" data-end=\"2189\">Fuada Musli\u0107<\/strong><br data-start=\"2189\" data-end=\"2192\" \/>poslovna sekretarka<\/p>\r\n<p data-start=\"2215\" data-end=\"2243\">&#x1f4e7; <a class=\"decorated-link cursor-pointer\" rel=\"noopener\" data-start=\"2218\" data-end=\"2241\">ured@biblioteka.unsa.ba<\/a><\/p>","protected":false},"excerpt":{"rendered":"<p>Biblioteka Univerziteta u Sarajevu je podorganizaciona jedinica Univerziteta u Sarajevu \u010dija je osnovna djelatnost pru\u017eanje sistemske podr\u0161ke nastavnom, nau\u010dnom i istra\u017eiva\u010dkom procesu na Univerzitetu. Biblioteka djeluje kao centralno mjesto bibliote\u010dko-informacijskog sistema Univerziteta, u okviru kojeg se koordinira i funkcionalno povezuje <a href=\"https:\/\/biblioteka.unsa.ba\/?page_id=43\" class=\"read-more\">Read More &#8230;<\/a><\/p>\n","protected":false},"author":3,"featured_media":0,"parent":0,"menu_order":0,"comment_status":"closed","ping_status":"closed","template":"","meta":{"footnotes":""},"class_list":["post-43","page","type-page","status-publish","hentry"],"_links":{"self":[{"href":"https:\/\/biblioteka.unsa.ba\/index.php?rest_route=\/wp\/v2\/pages\/43","targetHints":{"allow":["GET"]}}],"collection":[{"href":"https:\/\/biblioteka.unsa.ba\/index.php?rest_route=\/wp\/v2\/pages"}],"about":[{"href":"https:\/\/biblioteka.unsa.ba\/index.php?rest_route=\/wp\/v2\/types\/page"}],"author":[{"embeddable":true,"href":"https:\/\/biblioteka.unsa.ba\/index.php?rest_route=\/wp\/v2\/users\/3"}],"replies":[{"embeddable":true,"href":"https:\/\/biblioteka.unsa.ba\/index.php?rest_route=%2Fwp%2Fv2%2Fcomments&post=43"}],"version-history":[{"count":14,"href":"https:\/\/biblioteka.unsa.ba\/index.php?rest_route=\/wp\/v2\/pages\/43\/revisions"}],"predecessor-version":[{"id":485,"href":"https:\/\/biblioteka.unsa.ba\/index.php?rest_route=\/wp\/v2\/pages\/43\/revisions\/485"}],"wp:attachment":[{"href":"https:\/\/biblioteka.unsa.ba\/index.php?rest_route=%2Fwp%2Fv2%2Fmedia&parent=43"}],"curies":[{"name":"wp","href":"https:\/\/api.w.org\/{rel}","templated":true}]}}